{"id":575,"date":"2025-05-23T17:49:25","date_gmt":"2025-05-23T15:49:25","guid":{"rendered":"https:\/\/bynarbero.com\/blog\/about\/"},"modified":"2025-06-04T18:49:48","modified_gmt":"2025-06-04T16:49:48","slug":"a-propos","status":"publish","type":"page","link":"https:\/\/bynarbero.com\/blog\/a-propos\/","title":{"rendered":"\u00c0 propos"},"content":{"rendered":"\t\t<div data-elementor-type=\"wp-page\" data-elementor-id=\"575\" class=\"elementor elementor-575\">\n\t\t\t\t<div class=\"elementor-element elementor-element-bbd8ddc e-flex e-con-boxed e-con e-parent\" data-id=\"bbd8ddc\" data-element_type=\"container\" data-settings=\"{&quot;background_background&quot;:&quot;classic&quot;}\">\n\t\t\t\t\t<div class=\"e-con-inner\">\n\t\t<div class=\"elementor-element elementor-element-3dda0e2 e-con-full e-flex e-con e-child\" data-id=\"3dda0e2\" data-element_type=\"container\">\n\t\t\t\t<div class=\"elementor-element elementor-element-192e5b3 elementor-widget elementor-widget-heading\" data-id=\"192e5b3\" data-element_type=\"widget\" data-widget_type=\"heading.default\">\n\t\t\t\t<div class=\"elementor-widget-container\">\n\t\t\t\t\t<h1 class=\"elementor-heading-title elementor-size-default\">\u00c0 propos<\/h1>\t\t\t\t<\/div>\n\t\t\t\t<\/div>\n\t\t\t\t<\/div>\n\t\t\t\t\t<\/div>\n\t\t\t\t<\/div>\n\t\t<div class=\"elementor-element elementor-element-3fac8b6 e-flex e-con-boxed e-con e-parent\" data-id=\"3fac8b6\" data-element_type=\"container\">\n\t\t\t\t\t<div class=\"e-con-inner\">\n\t\t<div class=\"elementor-element elementor-element-1ae78bb e-con-full e-flex e-con e-child\" data-id=\"1ae78bb\" data-element_type=\"container\">\n\t\t\t\t<div class=\"elementor-element elementor-element-44df6ec elementor-widget elementor-widget-heading\" data-id=\"44df6ec\" data-element_type=\"widget\" data-widget_type=\"heading.default\">\n\t\t\t\t<div class=\"elementor-widget-container\">\n\t\t\t\t\t<h2 class=\"elementor-heading-title elementor-size-default\">\u00c0 quoi sert le blog  de Narbero<\/h2>\t\t\t\t<\/div>\n\t\t\t\t<\/div>\n\t\t\t\t<div class=\"elementor-element elementor-element-a5dca7f elementor-widget-divider--view-line elementor-widget elementor-widget-divider\" data-id=\"a5dca7f\" data-element_type=\"widget\" data-widget_type=\"divider.default\">\n\t\t\t\t<div class=\"elementor-widget-container\">\n\t\t\t\t\t\t\t<div class=\"elementor-divider\">\n\t\t\t<span class=\"elementor-divider-separator\">\n\t\t\t\t\t\t<\/span>\n\t\t<\/div>\n\t\t\t\t\t\t<\/div>\n\t\t\t\t<\/div>\n\t\t\t\t<div class=\"elementor-element elementor-element-44751b4 elementor-widget elementor-widget-text-editor\" data-id=\"44751b4\" data-element_type=\"widget\" data-widget_type=\"text-editor.default\">\n\t\t\t\t<div class=\"elementor-widget-container\">\n\t\t\t\t\t\t\t\t\t<p data-start=\"379\" data-end=\"474\">Ce blog, c\u2019est un endroit o\u00f9 Narbero prend le temps d\u2019accompagner ses \u0153uvres avec des mots.<\/p><p data-start=\"476\" data-end=\"762\">Il y parle de ce qui l\u2019inspire, de ce qui traverse ses tableaux, de comment les choses prennent forme. Chaque article revient sur une \u0153uvre, une s\u00e9rie ou un moment du travail \u2014 pas pour en faire une d\u00e9monstration, mais pour raconter le chemin. Ce qui est visible, ce qui l\u2019est moins.<\/p><p data-start=\"764\" data-end=\"992\">C\u2019est une mani\u00e8re pour lui de partager autrement, d\u2019ouvrir une porte sur son processus. Un espace calme, o\u00f9 il peut poser des questions, parfois sans r\u00e9ponse, et simplement mettre en mots ce que le trait ne dit pas toujours.<\/p>\t\t\t\t\t\t\t\t<\/div>\n\t\t\t\t<\/div>\n\t\t\t\t<\/div>\n\t\t\t\t\t<\/div>\n\t\t\t\t<\/div>\n\t\t<div class=\"elementor-element elementor-element-8d8e572 e-flex e-con-boxed e-con e-parent\" data-id=\"8d8e572\" data-element_type=\"container\">\n\t\t\t\t\t<div class=\"e-con-inner\">\n\t\t<div class=\"elementor-element elementor-element-8b0543e e-con-full e-flex e-con e-child\" data-id=\"8b0543e\" data-element_type=\"container\" data-settings=\"{&quot;background_background&quot;:&quot;classic&quot;}\">\n\t\t\t\t<div class=\"elementor-element elementor-element-c288d9b elementor-widget elementor-widget-heading\" data-id=\"c288d9b\" data-element_type=\"widget\" data-widget_type=\"heading.default\">\n\t\t\t\t<div class=\"elementor-widget-container\">\n\t\t\t\t\t<h2 class=\"elementor-heading-title elementor-size-default\">L'Espace d'Art Narbero<\/h2>\t\t\t\t<\/div>\n\t\t\t\t<\/div>\n\t\t\t\t<\/div>\n\t\t\t\t\t<\/div>\n\t\t\t\t<\/div>\n\t\t<div class=\"elementor-element elementor-element-1a78bdd e-flex e-con-boxed e-con e-parent\" data-id=\"1a78bdd\" data-element_type=\"container\" data-settings=\"{&quot;background_background&quot;:&quot;classic&quot;}\">\n\t\t\t\t\t<div class=\"e-con-inner\">\n\t\t<div class=\"elementor-element elementor-element-411ba2b e-con-full e-flex e-con e-child\" data-id=\"411ba2b\" data-element_type=\"container\">\n\t\t\t\t<div class=\"elementor-element elementor-element-6898f06 elementor-widget elementor-widget-heading\" data-id=\"6898f06\" data-element_type=\"widget\" data-widget_type=\"heading.default\">\n\t\t\t\t<div class=\"elementor-widget-container\">\n\t\t\t\t\t<h2 class=\"elementor-heading-title elementor-size-default\">Un univers qui se d\u00e9ploie<\/h2>\t\t\t\t<\/div>\n\t\t\t\t<\/div>\n\t\t\t\t<div class=\"elementor-element elementor-element-2f68c79 elementor-widget elementor-widget-text-editor\" data-id=\"2f68c79\" data-element_type=\"widget\" data-widget_type=\"text-editor.default\">\n\t\t\t\t<div class=\"elementor-widget-container\">\n\t\t\t\t\t\t\t\t\t<p>Le travail de Narbero ne s\u2019arr\u00eate pas au blog. Il prend d\u2019autres formes, visibles sur deux sites :<\/p>\t\t\t\t\t\t\t\t<\/div>\n\t\t\t\t<\/div>\n\t\t<div class=\"elementor-element elementor-element-8d65314 e-flex e-con-boxed e-con e-child\" data-id=\"8d65314\" data-element_type=\"container\">\n\t\t\t\t\t<div class=\"e-con-inner\">\n\t\t<div class=\"elementor-element elementor-element-8bec1cd e-con-full e-flex e-con e-child\" data-id=\"8bec1cd\" data-element_type=\"container\">\n\t\t\t\t<div class=\"elementor-element elementor-element-f34609e elementor-widget elementor-widget-image\" data-id=\"f34609e\" data-element_type=\"widget\" data-widget_type=\"image.default\">\n\t\t\t\t<div class=\"elementor-widget-container\">\n\t\t\t\t\t\t\t\t\t\t\t\t\t\t\t\t<a href=\"https:\/\/bynarbero.com\">\n\t\t\t\t\t\t\t<img fetchpriority=\"high\" decoding=\"async\" width=\"1099\" height=\"184\" src=\"https:\/\/bynarbero.com\/blog\/wp-content\/uploads\/2025\/06\/Logo-2.png\" class=\"attachment-full size-full wp-image-1996\" alt=\"\" srcset=\"https:\/\/bynarbero.com\/blog\/wp-content\/uploads\/2025\/06\/Logo-2.png 1099w, https:\/\/bynarbero.com\/blog\/wp-content\/uploads\/2025\/06\/Logo-2-300x50.png 300w, https:\/\/bynarbero.com\/blog\/wp-content\/uploads\/2025\/06\/Logo-2-1024x171.png 1024w, https:\/\/bynarbero.com\/blog\/wp-content\/uploads\/2025\/06\/Logo-2-768x129.png 768w\" sizes=\"(max-width: 1099px) 100vw, 1099px\" \/>\t\t\t\t\t\t\t\t<\/a>\n\t\t\t\t\t\t\t\t\t\t\t\t\t\t\t<\/div>\n\t\t\t\t<\/div>\n\t\t\t\t<\/div>\n\t\t<div class=\"elementor-element elementor-element-9deaf7c e-con-full e-flex e-con e-child\" data-id=\"9deaf7c\" data-element_type=\"container\">\n\t\t\t\t<div class=\"elementor-element elementor-element-7c4afa2 elementor-widget-divider--view-line elementor-widget elementor-widget-divider\" data-id=\"7c4afa2\" data-element_type=\"widget\" data-widget_type=\"divider.default\">\n\t\t\t\t<div class=\"elementor-widget-container\">\n\t\t\t\t\t\t\t<div class=\"elementor-divider\">\n\t\t\t<span class=\"elementor-divider-separator\">\n\t\t\t\t\t\t<\/span>\n\t\t<\/div>\n\t\t\t\t\t\t<\/div>\n\t\t\t\t<\/div>\n\t\t\t\t<div class=\"elementor-element elementor-element-8e054db elementor-widget elementor-widget-text-editor\" data-id=\"8e054db\" data-element_type=\"widget\" data-widget_type=\"text-editor.default\">\n\t\t\t\t<div class=\"elementor-widget-container\">\n\t\t\t\t\t\t\t\t\t<p>Sur <strong data-start=\"198\" data-end=\"240\"><a class=\"\" href=\"https:\/\/bynarbero.com\" target=\"_new\" rel=\"noopener\" data-start=\"200\" data-end=\"238\">bynarbero.com<\/a><\/strong>, on d\u00e9couvre une s\u00e9lection d\u2019\u0153uvres de Narbero. Des tableaux, des s\u00e9ries limit\u00e9es, des cr\u00e9ations originales. Rien n\u2019est fig\u00e9 : c\u2019est un espace qui \u00e9volue, comme son travail. Chaque pi\u00e8ce a son propre rythme, mais toutes font partie d\u2019un m\u00eame chemin. C\u2019est un endroit o\u00f9 l\u2019on peut voir son univers prendre forme, un peu plus concr\u00e8tement.<\/p>\t\t\t\t\t\t\t\t<\/div>\n\t\t\t\t<\/div>\n\t\t\t\t<\/div>\n\t\t<div class=\"elementor-element elementor-element-e770fc8 e-con-full e-flex e-con e-child\" data-id=\"e770fc8\" data-element_type=\"container\">\n\t\t\t\t<div class=\"elementor-element elementor-element-056548d elementor-widget elementor-widget-heading\" data-id=\"056548d\" data-element_type=\"widget\" data-widget_type=\"heading.default\">\n\t\t\t\t<div class=\"elementor-widget-container\">\n\t\t\t\t\t<h6 class=\"elementor-heading-title elementor-size-default\">01<\/h6>\t\t\t\t<\/div>\n\t\t\t\t<\/div>\n\t\t\t\t<div class=\"elementor-element elementor-element-9da390f elementor-widget elementor-widget-heading\" data-id=\"9da390f\" data-element_type=\"widget\" data-widget_type=\"heading.default\">\n\t\t\t\t<div class=\"elementor-widget-container\">\n\t\t\t\t\t<h2 class=\"elementor-heading-title elementor-size-default\">L'espace d'art Narbero<\/h2>\t\t\t\t<\/div>\n\t\t\t\t<\/div>\n\t\t\t\t<div class=\"elementor-element elementor-element-adb8a66 e-grid-align-left elementor-shape-rounded elementor-grid-0 elementor-widget elementor-widget-social-icons\" data-id=\"adb8a66\" data-element_type=\"widget\" data-widget_type=\"social-icons.default\">\n\t\t\t\t<div class=\"elementor-widget-container\">\n\t\t\t\t\t\t\t<div class=\"elementor-social-icons-wrapper elementor-grid\">\n\t\t\t\t\t\t\t<span class=\"elementor-grid-item\">\n\t\t\t\t\t<a class=\"elementor-icon elementor-social-icon elementor-social-icon-link elementor-repeater-item-f9f1482\" href=\"https:\/\/bynarbero.com\" target=\"_blank\">\n\t\t\t\t\t\t<span class=\"elementor-screen-only\">Link<\/span>\n\t\t\t\t\t\t<svg class=\"e-font-icon-svg e-fas-link\" viewBox=\"0 0 512 512\" xmlns=\"http:\/\/www.w3.org\/2000\/svg\"><path d=\"M326.612 185.391c59.747 59.809 58.927 155.698.36 214.59-.11.12-.24.25-.36.37l-67.2 67.2c-59.27 59.27-155.699 59.262-214.96 0-59.27-59.26-59.27-155.7 0-214.96l37.106-37.106c9.84-9.84 26.786-3.3 27.294 10.606.648 17.722 3.826 35.527 9.69 52.721 1.986 5.822.567 12.262-3.783 16.612l-13.087 13.087c-28.026 28.026-28.905 73.66-1.155 101.96 28.024 28.579 74.086 28.749 102.325.51l67.2-67.19c28.191-28.191 28.073-73.757 0-101.83-3.701-3.694-7.429-6.564-10.341-8.569a16.037 16.037 0 0 1-6.947-12.606c-.396-10.567 3.348-21.456 11.698-29.806l21.054-21.055c5.521-5.521 14.182-6.199 20.584-1.731a152.482 152.482 0 0 1 20.522 17.197zM467.547 44.449c-59.261-59.262-155.69-59.27-214.96 0l-67.2 67.2c-.12.12-.25.25-.36.37-58.566 58.892-59.387 154.781.36 214.59a152.454 152.454 0 0 0 20.521 17.196c6.402 4.468 15.064 3.789 20.584-1.731l21.054-21.055c8.35-8.35 12.094-19.239 11.698-29.806a16.037 16.037 0 0 0-6.947-12.606c-2.912-2.005-6.64-4.875-10.341-8.569-28.073-28.073-28.191-73.639 0-101.83l67.2-67.19c28.239-28.239 74.3-28.069 102.325.51 27.75 28.3 26.872 73.934-1.155 101.96l-13.087 13.087c-4.35 4.35-5.769 10.79-3.783 16.612 5.864 17.194 9.042 34.999 9.69 52.721.509 13.906 17.454 20.446 27.294 10.606l37.106-37.106c59.271-59.259 59.271-155.699.001-214.959z\"><\/path><\/svg>\t\t\t\t\t<\/a>\n\t\t\t\t<\/span>\n\t\t\t\t\t<\/div>\n\t\t\t\t\t\t<\/div>\n\t\t\t\t<\/div>\n\t\t\t\t<\/div>\n\t\t\t\t\t<\/div>\n\t\t\t\t<\/div>\n\t\t<div class=\"elementor-element elementor-element-8ec6d10 e-con-full e-flex e-con e-child\" data-id=\"8ec6d10\" data-element_type=\"container\">\n\t\t<div class=\"elementor-element elementor-element-0999c36 e-con-full e-flex e-con e-child\" data-id=\"0999c36\" data-element_type=\"container\">\n\t\t\t\t<div class=\"elementor-element elementor-element-ee8bf2d elementor-widget elementor-widget-image\" data-id=\"ee8bf2d\" data-element_type=\"widget\" data-widget_type=\"image.default\">\n\t\t\t\t<div class=\"elementor-widget-container\">\n\t\t\t\t\t\t\t\t\t\t\t\t\t\t\t\t<a href=\"https:\/\/signature.bynarbero.com\">\n\t\t\t\t\t\t\t<img decoding=\"async\" width=\"2520\" height=\"1206\" src=\"https:\/\/bynarbero.com\/blog\/wp-content\/uploads\/2025\/06\/Logo-noir-e1749053879417.png\" class=\"attachment-full size-full wp-image-1992\" alt=\"Logo Signature de Narbero\" srcset=\"https:\/\/bynarbero.com\/blog\/wp-content\/uploads\/2025\/06\/Logo-noir-e1749053879417.png 2520w, https:\/\/bynarbero.com\/blog\/wp-content\/uploads\/2025\/06\/Logo-noir-e1749053879417-300x144.png 300w, https:\/\/bynarbero.com\/blog\/wp-content\/uploads\/2025\/06\/Logo-noir-e1749053879417-1024x490.png 1024w, https:\/\/bynarbero.com\/blog\/wp-content\/uploads\/2025\/06\/Logo-noir-e1749053879417-768x368.png 768w, https:\/\/bynarbero.com\/blog\/wp-content\/uploads\/2025\/06\/Logo-noir-e1749053879417-1536x735.png 1536w, https:\/\/bynarbero.com\/blog\/wp-content\/uploads\/2025\/06\/Logo-noir-e1749053879417-2048x980.png 2048w\" sizes=\"(max-width: 2520px) 100vw, 2520px\" \/>\t\t\t\t\t\t\t\t<\/a>\n\t\t\t\t\t\t\t\t\t\t\t\t\t\t\t<\/div>\n\t\t\t\t<\/div>\n\t\t\t\t<\/div>\n\t\t<div class=\"elementor-element elementor-element-d712fa6 e-con-full e-flex e-con e-child\" data-id=\"d712fa6\" data-element_type=\"container\">\n\t\t\t\t<div class=\"elementor-element elementor-element-582bc2c elementor-widget-divider--view-line elementor-widget elementor-widget-divider\" data-id=\"582bc2c\" data-element_type=\"widget\" data-widget_type=\"divider.default\">\n\t\t\t\t<div class=\"elementor-widget-container\">\n\t\t\t\t\t\t\t<div class=\"elementor-divider\">\n\t\t\t<span class=\"elementor-divider-separator\">\n\t\t\t\t\t\t<\/span>\n\t\t<\/div>\n\t\t\t\t\t\t<\/div>\n\t\t\t\t<\/div>\n\t\t\t\t<div class=\"elementor-element elementor-element-5f4740f elementor-widget elementor-widget-text-editor\" data-id=\"5f4740f\" data-element_type=\"widget\" data-widget_type=\"text-editor.default\">\n\t\t\t\t<div class=\"elementor-widget-container\">\n\t\t\t\t\t\t\t\t\t<p>Sur <strong data-start=\"583\" data-end=\"645\"><a class=\"\" href=\"https:\/\/signature.bynarbero.com\" target=\"_new\" rel=\"noopener\" data-start=\"585\" data-end=\"643\">signature.bynarbero.com<\/a><\/strong>, ce sont des objets du quotidien qui prennent le relais. Des choses \u00e0 toucher, \u00e0 porter, \u00e0 emporter avec soi. L\u2019id\u00e9e, ce n\u2019est pas de faire des produits, mais de prolonger ce que Narbero pose sur la toile. Que \u00e7a vive ailleurs, autrement \u2014 dans les mains, dans la vie.<\/p>\t\t\t\t\t\t\t\t<\/div>\n\t\t\t\t<\/div>\n\t\t\t\t<\/div>\n\t\t<div class=\"elementor-element elementor-element-6d672a9 e-con-full e-flex e-con e-child\" data-id=\"6d672a9\" data-element_type=\"container\">\n\t\t\t\t<div class=\"elementor-element elementor-element-e54725a elementor-widget elementor-widget-heading\" data-id=\"e54725a\" data-element_type=\"widget\" data-widget_type=\"heading.default\">\n\t\t\t\t<div class=\"elementor-widget-container\">\n\t\t\t\t\t<h6 class=\"elementor-heading-title elementor-size-default\">02<\/h6>\t\t\t\t<\/div>\n\t\t\t\t<\/div>\n\t\t\t\t<div class=\"elementor-element elementor-element-5ba0e7a elementor-widget elementor-widget-heading\" data-id=\"5ba0e7a\" data-element_type=\"widget\" data-widget_type=\"heading.default\">\n\t\t\t\t<div class=\"elementor-widget-container\">\n\t\t\t\t\t<h2 class=\"elementor-heading-title elementor-size-default\">Boutique Signature<\/h2>\t\t\t\t<\/div>\n\t\t\t\t<\/div>\n\t\t\t\t<div class=\"elementor-element elementor-element-d79a60d e-grid-align-left elementor-shape-rounded elementor-grid-0 elementor-widget elementor-widget-social-icons\" data-id=\"d79a60d\" data-element_type=\"widget\" data-widget_type=\"social-icons.default\">\n\t\t\t\t<div class=\"elementor-widget-container\">\n\t\t\t\t\t\t\t<div class=\"elementor-social-icons-wrapper elementor-grid\">\n\t\t\t\t\t\t\t<span class=\"elementor-grid-item\">\n\t\t\t\t\t<a class=\"elementor-icon elementor-social-icon elementor-social-icon-link elementor-repeater-item-f9f1482\" href=\"https:\/\/signature.bynarbero.com\" target=\"_blank\">\n\t\t\t\t\t\t<span class=\"elementor-screen-only\">Link<\/span>\n\t\t\t\t\t\t<svg class=\"e-font-icon-svg e-fas-link\" viewBox=\"0 0 512 512\" xmlns=\"http:\/\/www.w3.org\/2000\/svg\"><path d=\"M326.612 185.391c59.747 59.809 58.927 155.698.36 214.59-.11.12-.24.25-.36.37l-67.2 67.2c-59.27 59.27-155.699 59.262-214.96 0-59.27-59.26-59.27-155.7 0-214.96l37.106-37.106c9.84-9.84 26.786-3.3 27.294 10.606.648 17.722 3.826 35.527 9.69 52.721 1.986 5.822.567 12.262-3.783 16.612l-13.087 13.087c-28.026 28.026-28.905 73.66-1.155 101.96 28.024 28.579 74.086 28.749 102.325.51l67.2-67.19c28.191-28.191 28.073-73.757 0-101.83-3.701-3.694-7.429-6.564-10.341-8.569a16.037 16.037 0 0 1-6.947-12.606c-.396-10.567 3.348-21.456 11.698-29.806l21.054-21.055c5.521-5.521 14.182-6.199 20.584-1.731a152.482 152.482 0 0 1 20.522 17.197zM467.547 44.449c-59.261-59.262-155.69-59.27-214.96 0l-67.2 67.2c-.12.12-.25.25-.36.37-58.566 58.892-59.387 154.781.36 214.59a152.454 152.454 0 0 0 20.521 17.196c6.402 4.468 15.064 3.789 20.584-1.731l21.054-21.055c8.35-8.35 12.094-19.239 11.698-29.806a16.037 16.037 0 0 0-6.947-12.606c-2.912-2.005-6.64-4.875-10.341-8.569-28.073-28.073-28.191-73.639 0-101.83l67.2-67.19c28.239-28.239 74.3-28.069 102.325.51 27.75 28.3 26.872 73.934-1.155 101.96l-13.087 13.087c-4.35 4.35-5.769 10.79-3.783 16.612 5.864 17.194 9.042 34.999 9.69 52.721.509 13.906 17.454 20.446 27.294 10.606l37.106-37.106c59.271-59.259 59.271-155.699.001-214.959z\"><\/path><\/svg>\t\t\t\t\t<\/a>\n\t\t\t\t<\/span>\n\t\t\t\t\t<\/div>\n\t\t\t\t\t\t<\/div>\n\t\t\t\t<\/div>\n\t\t\t\t<\/div>\n\t\t\t\t<\/div>\n\t\t\t\t<\/div>\n\t\t\t\t\t<\/div>\n\t\t\t\t<\/div>\n\t\t\t\t<\/div>\n\t\t","protected":false},"excerpt":{"rendered":"<p>\u00c0 propos \u00c0 quoi sert le blog de Narbero Ce blog, c\u2019est un endroit o\u00f9 Narbero prend le temps d\u2019accompagner ses \u0153uvres avec des mots. Il y parle de ce qui l\u2019inspire, de ce qui traverse ses tableaux, de comment les choses prennent forme. Chaque article revient sur une \u0153uvre, une s\u00e9rie ou un moment [&hellip;]<\/p>\n","protected":false},"author":1,"featured_media":0,"parent":0,"menu_order":0,"comment_status":"closed","ping_status":"closed","template":"","meta":{"site-sidebar-layout":"no-sidebar","site-content-layout":"page-builder","ast-site-content-layout":"full-width-container","site-content-style":"unboxed","site-sidebar-style":"unboxed","ast-global-header-display":"","ast-banner-title-visibility":"","ast-main-header-display":"","ast-hfb-above-header-display":"","ast-hfb-below-header-display":"","ast-hfb-mobile-header-display":"","site-post-title":"disabled","ast-breadcrumbs-content":"","ast-featured-img":"disabled","footer-sml-layout":"","theme-transparent-header-meta":"enabled","adv-header-id-meta":"","stick-header-meta":"","header-above-stick-meta":"","header-main-stick-meta":"","header-below-stick-meta":"","astra-migrate-meta-layouts":"set","ast-page-background-enabled":"default","ast-page-background-meta":{"desktop":{"background-color":"","background-image":"","background-repeat":"repeat","background-position":"center center","background-size":"auto","background-attachment":"scroll","background-type":"","background-media":"","overlay-type":"","overlay-color":"","overlay-opacity":"","overlay-gradient":""},"tablet":{"background-color":"","background-image":"","background-repeat":"repeat","background-position":"center center","background-size":"auto","background-attachment":"scroll","background-type":"","background-media":"","overlay-type":"","overlay-color":"","overlay-opacity":"","overlay-gradient":""},"mobile":{"background-color":"","background-image":"","background-repeat":"repeat","background-position":"center center","background-size":"auto","background-attachment":"scroll","background-type":"","background-media":"","overlay-type":"","overlay-color":"","overlay-opacity":"","overlay-gradient":""}},"ast-content-background-meta":{"desktop":{"background-color":"var(--ast-global-color-5)","background-image":"","background-repeat":"repeat","background-position":"center center","background-size":"auto","background-attachment":"scroll","background-type":"","background-media":"","overlay-type":"","overlay-color":"","overlay-opacity":"","overlay-gradient":""},"tablet":{"background-color":"var(--ast-global-color-5)","background-image":"","background-repeat":"repeat","background-position":"center center","background-size":"auto","background-attachment":"scroll","background-type":"","background-media":"","overlay-type":"","overlay-color":"","overlay-opacity":"","overlay-gradient":""},"mobile":{"background-color":"var(--ast-global-color-5)","background-image":"","background-repeat":"repeat","background-position":"center center","background-size":"auto","background-attachment":"scroll","background-type":"","background-media":"","overlay-type":"","overlay-color":"","overlay-opacity":"","overlay-gradient":""}},"footnotes":""},"class_list":["post-575","page","type-page","status-publish","hentry"],"_links":{"self":[{"href":"https:\/\/bynarbero.com\/blog\/wp-json\/wp\/v2\/pages\/575","targetHints":{"allow":["GET"]}}],"collection":[{"href":"https:\/\/bynarbero.com\/blog\/wp-json\/wp\/v2\/pages"}],"about":[{"href":"https:\/\/bynarbero.com\/blog\/wp-json\/wp\/v2\/types\/page"}],"author":[{"embeddable":true,"href":"https:\/\/bynarbero.com\/blog\/wp-json\/wp\/v2\/users\/1"}],"replies":[{"embeddable":true,"href":"https:\/\/bynarbero.com\/blog\/wp-json\/wp\/v2\/comments?post=575"}],"version-history":[{"count":18,"href":"https:\/\/bynarbero.com\/blog\/wp-json\/wp\/v2\/pages\/575\/revisions"}],"predecessor-version":[{"id":2022,"href":"https:\/\/bynarbero.com\/blog\/wp-json\/wp\/v2\/pages\/575\/revisions\/2022"}],"wp:attachment":[{"href":"https:\/\/bynarbero.com\/blog\/wp-json\/wp\/v2\/media?parent=575"}],"curies":[{"name":"wp","href":"https:\/\/api.w.org\/{rel}","templated":true}]}}