{"id":1137,"date":"2025-04-09T16:29:45","date_gmt":"2025-04-09T14:29:45","guid":{"rendered":"http:\/\/dxxghkb.cluster100.hosting.ovh.net\/?page_id=1137"},"modified":"2025-04-30T11:28:34","modified_gmt":"2025-04-30T09:28:34","slug":"politique-de-confidentialite-2","status":"publish","type":"page","link":"https:\/\/bynarbero.com\/de\/politique-de-confidentialite-2\/","title":{"rendered":"Datenschutzrichtlinie"},"content":{"rendered":"<div data-elementor-type=\"wp-page\" data-elementor-id=\"1137\" class=\"elementor elementor-1137\" data-elementor-post-type=\"page\">\n\t\t\t\t<div class=\"elementor-element elementor-element-ac4dd64 e-flex e-con-boxed e-con e-parent\" data-id=\"ac4dd64\" data-element_type=\"container\">\n\t\t\t\t\t<div class=\"e-con-inner\">\n\t\t\t\t<div class=\"elementor-element elementor-element-238189c elementor-widget elementor-widget-spacer\" data-id=\"238189c\" data-element_type=\"widget\" data-widget_type=\"spacer.default\">\n\t\t\t\t<div class=\"elementor-widget-container\">\n\t\t\t\t\t\t\t<div class=\"elementor-spacer\">\n\t\t\t<div class=\"elementor-spacer-inner\"><\/div>\n\t\t<\/div>\n\t\t\t\t\t\t<\/div>\n\t\t\t\t<\/div>\n\t\t\t\t\t<\/div>\n\t\t\t\t<\/div>\n\t\t<div class=\"elementor-element elementor-element-4289f2a e-flex e-con-boxed e-con e-parent\" data-id=\"4289f2a\" data-element_type=\"container\">\n\t\t\t\t\t<div class=\"e-con-inner\">\n\t\t\t\t<div class=\"elementor-element elementor-element-917fbb6 elementor-widget elementor-widget-heading\" data-id=\"917fbb6\" data-element_type=\"widget\" data-widget_type=\"heading.default\">\n\t\t\t\t<div class=\"elementor-widget-container\">\n\t\t\t\t\t<h2 class=\"elementor-heading-title elementor-size-default\">DATENSCHUTZRICHTLINIE<\/h2>\t\t\t\t<\/div>\n\t\t\t\t<\/div>\n\t\t\t\t\t<\/div>\n\t\t\t\t<\/div>\n\t\t<div class=\"elementor-element elementor-element-0ace750 e-flex e-con-boxed e-con e-parent\" data-id=\"0ace750\" data-element_type=\"container\">\n\t\t\t\t\t<div class=\"e-con-inner\">\n\t\t\t\t<div class=\"elementor-element elementor-element-fa74523 elementor-widget-divider--view-line elementor-widget elementor-widget-divider\" data-id=\"fa74523\" data-element_type=\"widget\" data-widget_type=\"divider.default\">\n\t\t\t\t<div class=\"elementor-widget-container\">\n\t\t\t\t\t\t\t<div class=\"elementor-divider\">\n\t\t\t<span class=\"elementor-divider-separator\">\n\t\t\t\t\t\t<\/span>\n\t\t<\/div>\n\t\t\t\t\t\t<\/div>\n\t\t\t\t<\/div>\n\t\t\t\t\t<\/div>\n\t\t\t\t<\/div>\n\t\t<div class=\"elementor-element elementor-element-4e85d03 e-flex e-con-boxed e-con e-parent\" data-id=\"4e85d03\" data-element_type=\"container\">\n\t\t\t\t\t<div class=\"e-con-inner\">\n\t\t\t\t<div class=\"elementor-element elementor-element-5dec5df elementor-widget elementor-widget-spacer\" data-id=\"5dec5df\" data-element_type=\"widget\" data-widget_type=\"spacer.default\">\n\t\t\t\t<div class=\"elementor-widget-container\">\n\t\t\t\t\t\t\t<div class=\"elementor-spacer\">\n\t\t\t<div class=\"elementor-spacer-inner\"><\/div>\n\t\t<\/div>\n\t\t\t\t\t\t<\/div>\n\t\t\t\t<\/div>\n\t\t\t\t\t<\/div>\n\t\t\t\t<\/div>\n\t\t<div class=\"elementor-element elementor-element-82ace2b e-flex e-con-boxed e-con e-parent\" data-id=\"82ace2b\" data-element_type=\"container\">\n\t\t\t\t\t<div class=\"e-con-inner\">\n\t\t\t\t<div class=\"elementor-element elementor-element-506be1d elementor-widget elementor-widget-text-editor\" data-id=\"506be1d\" data-element_type=\"widget\" data-widget_type=\"text-editor.default\">\n\t\t\t\t<div class=\"elementor-widget-container\">\n\t\t\t\t\t\t\t\t\t<h2>ABSCHNITT 1 - WAS MACHEN WIR MIT IHREN DATEN?<\/h2><p>Wenn Sie in unserem Shop im Rahmen des Kauf- und Verkaufsprozesses etwas kaufen, erfassen wir die pers\u00f6nlichen Daten, die Sie uns zur Verf\u00fcgung stellen, wie z. B. Ihren Namen, Ihre Adresse und Ihre E-Mail-Adresse.<\/p><p>Wenn Sie in unserem Shop surfen, erhalten wir au\u00dferdem automatisch die IP-Adresse (Internet Protocol) Ihres Computers, um uns Informationen zu liefern, die uns helfen, mehr \u00fcber Ihren Browser und Ihr Betriebssystem zu erfahren.<\/p><p>E-Mail-Marketing (falls zutreffend) : Mit Ihrer Erlaubnis k\u00f6nnen wir Ihnen E-Mails \u00fcber unseren Shop, neue Produkte und andere Aktualisierungen senden.<\/p><h2>ABSCHNITT 2 - ZUSTIMMUNG<\/h2><p><strong>Wie erhalten Sie meine Zustimmung?<\/strong><\/p><p>Wenn Sie uns personenbezogene Daten zur Verf\u00fcgung stellen, um eine Transaktion durchzuf\u00fchren, Ihre Kreditkarte zu \u00fcberpr\u00fcfen, eine Bestellung aufzugeben, eine Lieferung zu veranlassen oder einen Kauf zur\u00fcckzugeben, setzen wir voraus, dass Sie sich damit einverstanden erkl\u00e4ren, dass wir diese Daten nur f\u00fcr diesen speziellen Zweck sammeln und verwenden.<\/p><p>Wenn wir Sie aus einem sekund\u00e4ren Grund, z. B. zu Marketingzwecken, um Ihre pers\u00f6nlichen Daten bitten, werden wir Sie direkt um Ihre ausdr\u00fcckliche Zustimmung bitten oder Ihnen die M\u00f6glichkeit geben, nein zu sagen.<\/p><p><strong>Wie kann ich meine Zustimmung widerrufen?<\/strong><\/p><p>Wenn Sie nach Ihrer Zustimmung Ihre Meinung \u00e4ndern, k\u00f6nnen Sie Ihre Zustimmung zur Kontaktaufnahme mit Ihnen, zur weiteren Erhebung, Nutzung oder Offenlegung Ihrer Daten jederzeit widerrufen, indem Sie uns kontaktieren oder eine E-Mail an :<\/p><p>artetalents.com<br \/>8 Rue Boieldieu<br \/>B\u00e9ziers<br \/>FR 34500<\/p><h2>ABSCHNITT 3 - OFFENLEGUNG<\/h2><p>Wir k\u00f6nnen Ihre pers\u00f6nlichen Daten offenlegen, wenn wir gesetzlich dazu verpflichtet sind oder wenn Sie gegen unsere Nutzungsbedingungen versto\u00dfen.<\/p><h2>ABSCHNITT 4 - HOSTING UND DATENVERARBEITUNG<\/h2><p>Unser Shop wird auf WordPress gehostet. Sie stellen uns die Plattform zur Verf\u00fcgung, \u00fcber die wir Ihnen unsere Produkte und Dienstleistungen verkaufen k\u00f6nnen.<\/p><p>Ihre Daten werden \u00fcber die Datenspeichersysteme, Datenbanken und Anwendungen unseres Hosting-Anbieters gespeichert. Diese speichern Ihre Daten auf einem sicheren Server hinter einer Firewall.<\/p><p><strong>Zahlung : <\/strong><\/p><p>Wenn Sie ein direktes Zahlungsgateway w\u00e4hlen, um Ihren Kauf abzuschlie\u00dfen, k\u00f6nnen Ihre Kreditkartendaten von unserem Zahlungsabwickler gespeichert werden. Sie werden \u00fcber den Payment Card Industry Data Security Standard (PCI-DSS) verschl\u00fcsselt. Ihre Kauftransaktionsdaten werden nur so lange gespeichert, wie es f\u00fcr den Abschluss Ihrer Kauftransaktion erforderlich ist. Sobald dieser Vorgang abgeschlossen ist, werden Ihre Kauftransaktionsdaten gel\u00f6scht.<\/p><p>Alle Gateways f\u00fcr direkte Zahlungen halten sich an die von PCI-DSS definierten Standards. Diese Standards werden vom PCI Security Standards Council festgelegt, das eine gemeinsame Anstrengung von Marken wie Visa, MasterCard, American Express und Discover ist.<\/p><p>Die PCI-DSS-Anforderungen helfen dabei, die sichere Verarbeitung von Kreditkarteninformationen durch unser Gesch\u00e4ft und seine Dienstleister zu gew\u00e4hrleisten.<\/p><h2>ABSCHNITT 5 - DIENSTLEISTUNGEN VON DRITTEN<\/h2><p>Im Allgemeinen werden die von uns eingesetzten Drittanbieter Ihre Informationen nur in dem Ma\u00dfe sammeln, verwenden und offenlegen, wie es notwendig ist, damit sie die von ihnen f\u00fcr uns erbrachten Dienstleistungen erbringen k\u00f6nnen.<\/p><p>Einige Drittanbieter wie Zahlungsgateways und andere Zahlungsabwickler haben jedoch ihre eigenen Datenschutzrichtlinien in Bezug auf die Informationen, die wir ihnen f\u00fcr Ihre Kauftransaktionen zur Verf\u00fcgung stellen m\u00fcssen.<\/p><p>Bei diesen Anbietern empfehlen wir Ihnen, deren Datenschutzrichtlinien zu lesen, damit Sie verstehen k\u00f6nnen, wie Ihre pers\u00f6nlichen Daten von diesen Anbietern verarbeitet werden.<\/p><p>Insbesondere sollten Sie daran denken, dass einige Anbieter ihren Sitz oder ihre Einrichtungen in einer anderen Gerichtsbarkeit als der Ihren oder unserer haben k\u00f6nnen. Wenn Sie sich also f\u00fcr eine Transaktion entscheiden, die die Dienste eines dritten Dienstleisters einschlie\u00dft, k\u00f6nnen Ihre Informationen den Gesetzen der Gerichtsbarkeit(en) unterliegen, in der\/denen der Dienstleister oder seine Einrichtungen ans\u00e4ssig sind.<\/p><p>Wenn Sie sich beispielsweise au\u00dferhalb Frankreichs befinden und Ihre Transaktion \u00fcber ein in Frankreich ans\u00e4ssiges Zahlungsgateway abgewickelt wird, k\u00f6nnen Ihre pers\u00f6nlichen Daten, die zur Durchf\u00fchrung dieser Transaktion verwendet werden, der Offenlegung nach franz\u00f6sischem Recht unterliegen.<\/p><p>Sobald Sie unsere Shop-Website verlassen oder auf eine Website oder Anwendung eines Dritten weitergeleitet werden, unterliegen Sie nicht mehr dieser Datenschutzrichtlinie oder den Nutzungsbedingungen unserer Website.<\/p><p><strong>Links<\/strong><\/p><p>Wenn du auf Links in unserem Shop klickst, k\u00f6nnen diese dich von unserer Seite wegf\u00fchren. Wir sind nicht f\u00fcr die Datenschutzpraktiken anderer Websites verantwortlich und empfehlen Ihnen, deren Datenschutzerkl\u00e4rungen zu lesen.<\/p><h2>ABSCHNITT 6 - SICHERHEIT<\/h2><p>Um Ihre pers\u00f6nlichen Daten zu sch\u00fctzen, treffen wir angemessene Vorsichtsma\u00dfnahmen und halten uns an die besten Praktiken der Branche, um sicherzustellen, dass sie nicht auf unangemessene Weise verloren gehen, missbraucht, verleugnet, ver\u00e4ndert oder vernichtet werden.<\/p><p>Wenn Sie uns Ihre Kreditkarteninformationen zur Verf\u00fcgung stellen, werden die Informationen mithilfe der SSL-Technologie (Secure Socket Layer) verschl\u00fcsselt und mit einer sicheren Verschl\u00fcsselung gespeichert. Obwohl keine Methode der Internet\u00fcbertragung oder der elektronischen Speicherung zu 100% sicher ist, befolgen wir alle PCI-DSS-Anforderungen und setzen zus\u00e4tzliche, in der Branche allgemein akzeptierte Standards um.<\/p><h2>ABSCHNITT 7 - COOKIES<\/h2><p>Wir verwenden Cookies, um Ihre Sitzung aufrechtzuerhalten und bestimmte Einstellungen zu speichern. Cookies helfen uns dabei, Ihre Erfahrung auf unserer Website zu verbessern:<\/p><ul><li>Ihre Vorlieben im Auge behalten<\/li><li>Artikel in Ihrem Einkaufswagen speichern<\/li><li>den Anmeldeprozess f\u00fcr Ihr Konto erleichtern<\/li><li>Unserem Team dabei helfen, zu verstehen, welche Teile der Seite am beliebtesten sind<\/li><\/ul><p>Sie k\u00f6nnen in den Einstellungen Ihres Browsers Cookies deaktivieren. Beachten Sie jedoch, dass einige Funktionen unserer Website dann m\u00f6glicherweise nicht richtig funktionieren.<\/p><h2>ABSCHNITT 8 - ZUSTIMMUNGSALTER<\/h2><p>Durch die Nutzung dieser Website erkl\u00e4ren Sie, dass Sie in Ihrem Wohnsitzland mindestens vollj\u00e4hrig sind oder dass Sie in Ihrem Wohnsitzland vollj\u00e4hrig sind und Sie uns Ihre Zustimmung gegeben haben, Ihren minderj\u00e4hrigen Angeh\u00f6rigen die Nutzung dieser Website zu gestatten.<\/p><h2>ABSCHNITT 9 - \u00c4NDERUNGEN DIESER DATENSCHUTZRICHTLINIE<\/h2><p>Wir behalten uns das Recht vor, diese Datenschutzrichtlinie jederzeit zu \u00e4ndern. Bitte lesen Sie sie daher h\u00e4ufig. \u00c4nderungen und Klarstellungen werden unmittelbar nach ihrer Ver\u00f6ffentlichung auf der Website wirksam.<\/p><p>Wenn wir wesentliche \u00c4nderungen an dieser Richtlinie vornehmen, werden wir Sie hier dar\u00fcber informieren, dass sie aktualisiert wurde, damit Sie wissen, welche Informationen wir sammeln, wie wir sie verwenden und unter welchen Umst\u00e4nden wir sie gegebenenfalls verwenden und\/oder weitergeben.<\/p><p>Wenn unser Gesch\u00e4ft von einem anderen Unternehmen \u00fcbernommen wird oder mit diesem fusioniert, k\u00f6nnen Ihre Informationen an die neuen Eigent\u00fcmer \u00fcbertragen werden, damit wir Ihnen weiterhin Produkte verkaufen k\u00f6nnen.<\/p><h2>FRAGEN UND KONTAKTDATEN<\/h2><p>Wenn Sie: auf die personenbezogenen Daten, die wir \u00fcber Sie gespeichert haben, zugreifen, sie korrigieren, \u00e4ndern oder l\u00f6schen m\u00f6chten, eine Beschwerde einreichen oder einfach weitere Informationen erhalten m\u00f6chten, wenden Sie sich bitte per Post an unseren Datenschutz-Compliance-Beauftragten unter der folgenden Adresse:<\/p><p>artetalents.com<br \/>Re: Responsable de la conformit\u00e9 \u00e0 la confidentialit\u00e9<br \/>8 Rue Boieldieu<br \/>B\u00e9ziers,<br \/>FR 34500<\/p>\t\t\t\t\t\t\t\t<\/div>\n\t\t\t\t<\/div>\n\t\t\t\t\t<\/div>\n\t\t\t\t<\/div>\n\t\t\t\t<\/div>","protected":false},"excerpt":{"rendered":"<p>POLITIQUE DE CONFIDENTIALIT\u00c9 SECTION 1 &#8211; QUE FAISONS-NOUS AVEC VOS INFORMATIONS? Lorsque vous achetez quelque chose dans notre boutique dans [&hellip;]<\/p>","protected":false},"author":2,"featured_media":0,"parent":0,"menu_order":0,"comment_status":"closed","ping_status":"closed","template":"","meta":{"site-sidebar-layout":"no-sidebar","site-content-layout":"","ast-site-content-layout":"full-width-container","site-content-style":"default","site-sidebar-style":"default","ast-global-header-display":"","ast-banner-title-visibility":"","ast-main-header-display":"","ast-hfb-above-header-display":"","ast-hfb-below-header-display":"","ast-hfb-mobile-header-display":"","site-post-title":"disabled","ast-breadcrumbs-content":"","ast-featured-img":"disabled","footer-sml-layout":"","theme-transparent-header-meta":"","adv-header-id-meta":"","stick-header-meta":"","header-above-stick-meta":"","header-main-stick-meta":"","header-below-stick-meta":"","astra-migrate-meta-layouts":"default","ast-page-background-enabled":"default","ast-page-background-meta":{"desktop":{"background-color":"var(--ast-global-color-5)","background-image":"","background-repeat":"repeat","background-position":"center center","background-size":"auto","background-attachment":"scroll","background-type":"","background-media":"","overlay-type":"","overlay-color":"","overlay-opacity":"","overlay-gradient":""},"tablet":{"background-color":"","background-image":"","background-repeat":"repeat","background-position":"center center","background-size":"auto","background-attachment":"scroll","background-type":"","background-media":"","overlay-type":"","overlay-color":"","overlay-opacity":"","overlay-gradient":""},"mobile":{"background-color":"","background-image":"","background-repeat":"repeat","background-position":"center center","background-size":"auto","background-attachment":"scroll","background-type":"","background-media":"","overlay-type":"","overlay-color":"","overlay-opacity":"","overlay-gradient":""}},"ast-content-background-meta":{"desktop":{"background-color":"var(--ast-global-color-4)","background-image":"","background-repeat":"repeat","background-position":"center center","background-size":"auto","background-attachment":"scroll","background-type":"","background-media":"","overlay-type":"","overlay-color":"","overlay-opacity":"","overlay-gradient":""},"tablet":{"background-color":"var(--ast-global-color-4)","background-image":"","background-repeat":"repeat","background-position":"center center","background-size":"auto","background-attachment":"scroll","background-type":"","background-media":"","overlay-type":"","overlay-color":"","overlay-opacity":"","overlay-gradient":""},"mobile":{"background-color":"var(--ast-global-color-4)","background-image":"","background-repeat":"repeat","background-position":"center center","background-size":"auto","background-attachment":"scroll","background-type":"","background-media":"","overlay-type":"","overlay-color":"","overlay-opacity":"","overlay-gradient":""}},"footnotes":""},"class_list":["post-1137","page","type-page","status-publish","hentry"],"_links":{"self":[{"href":"https:\/\/bynarbero.com\/de\/wp-json\/wp\/v2\/pages\/1137","targetHints":{"allow":["GET"]}}],"collection":[{"href":"https:\/\/bynarbero.com\/de\/wp-json\/wp\/v2\/pages"}],"about":[{"href":"https:\/\/bynarbero.com\/de\/wp-json\/wp\/v2\/types\/page"}],"author":[{"embeddable":true,"href":"https:\/\/bynarbero.com\/de\/wp-json\/wp\/v2\/users\/2"}],"replies":[{"embeddable":true,"href":"https:\/\/bynarbero.com\/de\/wp-json\/wp\/v2\/comments?post=1137"}],"version-history":[{"count":10,"href":"https:\/\/bynarbero.com\/de\/wp-json\/wp\/v2\/pages\/1137\/revisions"}],"predecessor-version":[{"id":2084,"href":"https:\/\/bynarbero.com\/de\/wp-json\/wp\/v2\/pages\/1137\/revisions\/2084"}],"wp:attachment":[{"href":"https:\/\/bynarbero.com\/de\/wp-json\/wp\/v2\/media?parent=1137"}],"curies":[{"name":"wp","href":"https:\/\/api.w.org\/{rel}","templated":true}]}}