{"id":949,"date":"2025-04-08T11:57:43","date_gmt":"2025-04-08T09:57:43","guid":{"rendered":"http:\/\/dxxghkb.cluster100.hosting.ovh.net\/?post_type=product&#038;p=949"},"modified":"2025-04-28T20:59:21","modified_gmt":"2025-04-28T18:59:21","slug":"beziers-esquisses-rue-du-4-septembre-chapelle-des-penitents","status":"publish","type":"product","link":"https:\/\/bynarbero.com\/de\/produkt\/beziers-esquisses-rue-du-4-septembre-chapelle-des-penitents\/","title":{"rendered":"Rue du 4 septembre, chapelle des Penitents"},"content":{"rendered":"<div style=\"text-align: center;\">Digital sur papier Hahnem\u00fchle Fine Artencadr\u00e942cm X 30cm<\/div>\n<div style=\"text-align: center;\">\u0152uvre originale d&rsquo;artiste num\u00e9rot\u00e9e 1 \u00e0 8\u00a0 &#8211; 2024<img fetchpriority=\"high\" decoding=\"async\" style=\"font-family: -apple-systemBlinkMacSystemFont'San Francisco''Segoe UI'Roboto'Helvetica Neue'sans-serif; font-size: 0.875rem; display: block; margin-left: auto; margin-right: auto;\" src=\"https:\/\/cdn.shopify.com\/s\/files\/1\/0549\/6324\/1130\/files\/MESURERSNEWS.jpg?v=1713876273\" alt=\"\" width=\"461\" height=\"340\" \/><\/div>","protected":false},"excerpt":{"rendered":"<div>Digital sur papier Hahnem\u00fchle Fine Artencadr\u00e942cm X 30cm<\/div>\n<div>\u0152uvre originale d&rsquo;artiste num\u00e9rot\u00e9e 1 \u00e0 8\u00a0 &#8211; 2024<\/div>","protected":false},"featured_media":957,"template":"","meta":{"site-sidebar-layout":"default","site-content-layout":"","ast-site-content-layout":"default","site-content-style":"default","site-sidebar-style":"default","ast-global-header-display":"","ast-banner-title-visibility":"","ast-main-header-display":"","ast-hfb-above-header-display":"","ast-hfb-below-header-display":"","ast-hfb-mobile-header-display":"","site-post-title":"","ast-breadcrumbs-content":"","ast-featured-img":"","footer-sml-layout":"","theme-transparent-header-meta":"default","adv-header-id-meta":"","stick-header-meta":"","header-above-stick-meta":"","header-main-stick-meta":"","header-below-stick-meta":"","astra-migrate-meta-layouts":"set","ast-page-background-enabled":"default","ast-page-background-meta":{"desktop":{"background-color":"var(--ast-global-color-5)","background-image":"","background-repeat":"repeat","background-position":"center center","background-size":"auto","background-attachment":"scroll","background-type":"","background-media":"","overlay-type":"","overlay-color":"","overlay-opacity":"","overlay-gradient":""},"tablet":{"background-color":"","background-image":"","background-repeat":"repeat","background-position":"center center","background-size":"auto","background-attachment":"scroll","background-type":"","background-media":"","overlay-type":"","overlay-color":"","overlay-opacity":"","overlay-gradient":""},"mobile":{"background-color":"","background-image":"","background-repeat":"repeat","background-position":"center center","background-size":"auto","background-attachment":"scroll","background-type":"","background-media":"","overlay-type":"","overlay-color":"","overlay-opacity":"","overlay-gradient":""}},"ast-content-background-meta":{"desktop":{"background-color":"var(--ast-global-color-4)","background-image":"","background-repeat":"repeat","background-position":"center center","background-size":"auto","background-attachment":"scroll","background-type":"","background-media":"","overlay-type":"","overlay-color":"","overlay-opacity":"","overlay-gradient":""},"tablet":{"background-color":"var(--ast-global-color-4)","background-image":"","background-repeat":"repeat","background-position":"center center","background-size":"auto","background-attachment":"scroll","background-type":"","background-media":"","overlay-type":"","overlay-color":"","overlay-opacity":"","overlay-gradient":""},"mobile":{"background-color":"var(--ast-global-color-4)","background-image":"","background-repeat":"repeat","background-position":"center center","background-size":"auto","background-attachment":"scroll","background-type":"","background-media":"","overlay-type":"","overlay-color":"","overlay-opacity":"","overlay-gradient":""}}},"product_brand":[],"product_cat":[26],"product_tag":[],"class_list":{"0":"post-949","1":"product","2":"type-product","3":"status-publish","4":"has-post-thumbnail","6":"product_cat-beziersesquisses","7":"desktop-align-left","8":"tablet-align-left","9":"mobile-align-left","11":"first","12":"instock","13":"sold-individually","14":"taxable","15":"shipping-taxable","16":"product-type-simple"},"_links":{"self":[{"href":"https:\/\/bynarbero.com\/de\/wp-json\/wp\/v2\/product\/949","targetHints":{"allow":["GET"]}}],"collection":[{"href":"https:\/\/bynarbero.com\/de\/wp-json\/wp\/v2\/product"}],"about":[{"href":"https:\/\/bynarbero.com\/de\/wp-json\/wp\/v2\/types\/product"}],"wp:featuredmedia":[{"embeddable":true,"href":"https:\/\/bynarbero.com\/de\/wp-json\/wp\/v2\/media\/957"}],"wp:attachment":[{"href":"https:\/\/bynarbero.com\/de\/wp-json\/wp\/v2\/media?parent=949"}],"wp:term":[{"taxonomy":"product_brand","embeddable":true,"href":"https:\/\/bynarbero.com\/de\/wp-json\/wp\/v2\/product_brand?post=949"},{"taxonomy":"product_cat","embeddable":true,"href":"https:\/\/bynarbero.com\/de\/wp-json\/wp\/v2\/product_cat?post=949"},{"taxonomy":"product_tag","embeddable":true,"href":"https:\/\/bynarbero.com\/de\/wp-json\/wp\/v2\/product_tag?post=949"}],"curies":[{"name":"wp","href":"https:\/\/api.w.org\/{rel}","templated":true}]}}