{"id":981,"date":"2025-04-08T14:31:42","date_gmt":"2025-04-08T12:31:42","guid":{"rendered":"http:\/\/dxxghkb.cluster100.hosting.ovh.net\/?post_type=product&#038;p=981"},"modified":"2025-04-15T15:14:58","modified_gmt":"2025-04-15T13:14:58","slug":"beziers-esquisses-rue-solferino","status":"publish","type":"product","link":"https:\/\/bynarbero.com\/de\/produkt\/beziers-esquisses-rue-solferino\/","title":{"rendered":"Rue Solferino"},"content":{"rendered":"<div style=\"text-align: center;\">Digital sur papier Hahnem\u00fchle Fine Artencadr\u00e942cm X 30cm<\/div>\n<div style=\"text-align: center;\">\u0152uvre originale d&rsquo;artiste num\u00e9rot\u00e9e 1 \u00e0 8\u00a0 &#8211; 2024<img fetchpriority=\"high\" decoding=\"async\" style=\"font-family: -apple-systemBlinkMacSystemFont'San Francisco''Segoe UI'Roboto'Helvetica Neue'sans-serif; font-size: 0.875rem; display: block; margin-left: auto; margin-right: auto;\" src=\"https:\/\/cdn.shopify.com\/s\/files\/1\/0549\/6324\/1130\/files\/MESURERSNEWS.jpg?v=1713876273\" alt=\"\" width=\"461\" height=\"340\" \/><\/div>","protected":false},"excerpt":{"rendered":"<div>Digital sur papier Hahnem\u00fchle Fine Artencadr\u00e942cm X 30cm<\/div>\n<div>\u0152uvre originale d&rsquo;artiste num\u00e9rot\u00e9e 1 \u00e0 8\u00a0 &#8211; 2024<\/div>","protected":false},"featured_media":983,"template":"","meta":{"site-sidebar-layout":"default","site-content-layout":"","ast-site-content-layout":"default","site-content-style":"default","site-sidebar-style":"default","ast-global-header-display":"","ast-banner-title-visibility":"","ast-main-header-display":"","ast-hfb-above-header-display":"","ast-hfb-below-header-display":"","ast-hfb-mobile-header-display":"","site-post-title":"","ast-breadcrumbs-content":"","ast-featured-img":"","footer-sml-layout":"","theme-transparent-header-meta":"default","adv-header-id-meta":"","stick-header-meta":"","header-above-stick-meta":"","header-main-stick-meta":"","header-below-stick-meta":"","astra-migrate-meta-layouts":"set","ast-page-background-enabled":"default","ast-page-background-meta":{"desktop":{"background-color":"var(--ast-global-color-5)","background-image":"","background-repeat":"repeat","background-position":"center center","background-size":"auto","background-attachment":"scroll","background-type":"","background-media":"","overlay-type":"","overlay-color":"","overlay-opacity":"","overlay-gradient":""},"tablet":{"background-color":"","background-image":"","background-repeat":"repeat","background-position":"center center","background-size":"auto","background-attachment":"scroll","background-type":"","background-media":"","overlay-type":"","overlay-color":"","overlay-opacity":"","overlay-gradient":""},"mobile":{"background-color":"","background-image":"","background-repeat":"repeat","background-position":"center center","background-size":"auto","background-attachment":"scroll","background-type":"","background-media":"","overlay-type":"","overlay-color":"","overlay-opacity":"","overlay-gradient":""}},"ast-content-background-meta":{"desktop":{"background-color":"var(--ast-global-color-4)","background-image":"","background-repeat":"repeat","background-position":"center center","background-size":"auto","background-attachment":"scroll","background-type":"","background-media":"","overlay-type":"","overlay-color":"","overlay-opacity":"","overlay-gradient":""},"tablet":{"background-color":"var(--ast-global-color-4)","background-image":"","background-repeat":"repeat","background-position":"center center","background-size":"auto","background-attachment":"scroll","background-type":"","background-media":"","overlay-type":"","overlay-color":"","overlay-opacity":"","overlay-gradient":""},"mobile":{"background-color":"var(--ast-global-color-4)","background-image":"","background-repeat":"repeat","background-position":"center center","background-size":"auto","background-attachment":"scroll","background-type":"","background-media":"","overlay-type":"","overlay-color":"","overlay-opacity":"","overlay-gradient":""}}},"product_brand":[],"product_cat":[26],"product_tag":[],"class_list":{"0":"post-981","1":"product","2":"type-product","3":"status-publish","4":"has-post-thumbnail","6":"product_cat-beziersesquisses","7":"desktop-align-left","8":"tablet-align-left","9":"mobile-align-left","11":"first","12":"instock","13":"sold-individually","14":"taxable","15":"shipping-taxable","16":"product-type-simple"},"_links":{"self":[{"href":"https:\/\/bynarbero.com\/de\/wp-json\/wp\/v2\/product\/981","targetHints":{"allow":["GET"]}}],"collection":[{"href":"https:\/\/bynarbero.com\/de\/wp-json\/wp\/v2\/product"}],"about":[{"href":"https:\/\/bynarbero.com\/de\/wp-json\/wp\/v2\/types\/product"}],"wp:featuredmedia":[{"embeddable":true,"href":"https:\/\/bynarbero.com\/de\/wp-json\/wp\/v2\/media\/983"}],"wp:attachment":[{"href":"https:\/\/bynarbero.com\/de\/wp-json\/wp\/v2\/media?parent=981"}],"wp:term":[{"taxonomy":"product_brand","embeddable":true,"href":"https:\/\/bynarbero.com\/de\/wp-json\/wp\/v2\/product_brand?post=981"},{"taxonomy":"product_cat","embeddable":true,"href":"https:\/\/bynarbero.com\/de\/wp-json\/wp\/v2\/product_cat?post=981"},{"taxonomy":"product_tag","embeddable":true,"href":"https:\/\/bynarbero.com\/de\/wp-json\/wp\/v2\/product_tag?post=981"}],"curies":[{"name":"wp","href":"https:\/\/api.w.org\/{rel}","templated":true}]}}