{"id":1137,"date":"2025-04-09T16:29:45","date_gmt":"2025-04-09T14:29:45","guid":{"rendered":"http:\/\/dxxghkb.cluster100.hosting.ovh.net\/?page_id=1137"},"modified":"2025-04-30T11:28:34","modified_gmt":"2025-04-30T09:28:34","slug":"politique-de-confidentialite-2","status":"publish","type":"page","link":"https:\/\/bynarbero.com\/fr\/politique-de-confidentialite-2\/","title":{"rendered":"Politique de Confidentialit\u00e9"},"content":{"rendered":"\t\t<div data-elementor-type=\"wp-page\" data-elementor-id=\"1137\" class=\"elementor elementor-1137\" data-elementor-post-type=\"page\">\n\t\t\t\t<div class=\"elementor-element elementor-element-ac4dd64 e-flex e-con-boxed e-con e-parent\" data-id=\"ac4dd64\" data-element_type=\"container\">\n\t\t\t\t\t<div class=\"e-con-inner\">\n\t\t\t\t<div class=\"elementor-element elementor-element-238189c elementor-widget elementor-widget-spacer\" data-id=\"238189c\" data-element_type=\"widget\" data-widget_type=\"spacer.default\">\n\t\t\t\t<div class=\"elementor-widget-container\">\n\t\t\t\t\t\t\t<div class=\"elementor-spacer\">\n\t\t\t<div class=\"elementor-spacer-inner\"><\/div>\n\t\t<\/div>\n\t\t\t\t\t\t<\/div>\n\t\t\t\t<\/div>\n\t\t\t\t\t<\/div>\n\t\t\t\t<\/div>\n\t\t<div class=\"elementor-element elementor-element-4289f2a e-flex e-con-boxed e-con e-parent\" data-id=\"4289f2a\" data-element_type=\"container\">\n\t\t\t\t\t<div class=\"e-con-inner\">\n\t\t\t\t<div class=\"elementor-element elementor-element-917fbb6 elementor-widget elementor-widget-heading\" data-id=\"917fbb6\" data-element_type=\"widget\" data-widget_type=\"heading.default\">\n\t\t\t\t<div class=\"elementor-widget-container\">\n\t\t\t\t\t<h2 class=\"elementor-heading-title elementor-size-default\">POLITIQUE DE CONFIDENTIALIT\u00c9<\/h2>\t\t\t\t<\/div>\n\t\t\t\t<\/div>\n\t\t\t\t\t<\/div>\n\t\t\t\t<\/div>\n\t\t<div class=\"elementor-element elementor-element-0ace750 e-flex e-con-boxed e-con e-parent\" data-id=\"0ace750\" data-element_type=\"container\">\n\t\t\t\t\t<div class=\"e-con-inner\">\n\t\t\t\t<div class=\"elementor-element elementor-element-fa74523 elementor-widget-divider--view-line elementor-widget elementor-widget-divider\" data-id=\"fa74523\" data-element_type=\"widget\" data-widget_type=\"divider.default\">\n\t\t\t\t<div class=\"elementor-widget-container\">\n\t\t\t\t\t\t\t<div class=\"elementor-divider\">\n\t\t\t<span class=\"elementor-divider-separator\">\n\t\t\t\t\t\t<\/span>\n\t\t<\/div>\n\t\t\t\t\t\t<\/div>\n\t\t\t\t<\/div>\n\t\t\t\t\t<\/div>\n\t\t\t\t<\/div>\n\t\t<div class=\"elementor-element elementor-element-4e85d03 e-flex e-con-boxed e-con e-parent\" data-id=\"4e85d03\" data-element_type=\"container\">\n\t\t\t\t\t<div class=\"e-con-inner\">\n\t\t\t\t<div class=\"elementor-element elementor-element-5dec5df elementor-widget elementor-widget-spacer\" data-id=\"5dec5df\" data-element_type=\"widget\" data-widget_type=\"spacer.default\">\n\t\t\t\t<div class=\"elementor-widget-container\">\n\t\t\t\t\t\t\t<div class=\"elementor-spacer\">\n\t\t\t<div class=\"elementor-spacer-inner\"><\/div>\n\t\t<\/div>\n\t\t\t\t\t\t<\/div>\n\t\t\t\t<\/div>\n\t\t\t\t\t<\/div>\n\t\t\t\t<\/div>\n\t\t<div class=\"elementor-element elementor-element-82ace2b e-flex e-con-boxed e-con e-parent\" data-id=\"82ace2b\" data-element_type=\"container\">\n\t\t\t\t\t<div class=\"e-con-inner\">\n\t\t\t\t<div class=\"elementor-element elementor-element-506be1d elementor-widget elementor-widget-text-editor\" data-id=\"506be1d\" data-element_type=\"widget\" data-widget_type=\"text-editor.default\">\n\t\t\t\t<div class=\"elementor-widget-container\">\n\t\t\t\t\t\t\t\t\t<h2>SECTION 1 &#8211; QUE FAISONS-NOUS AVEC VOS INFORMATIONS?<\/h2><p>Lorsque vous achetez quelque chose dans notre boutique dans le cadre du processus d&rsquo;achat et de vente, nous recueillons les informations personnelles que vous nous fournissez, telles que votre nom, votre adresse et votre adresse e-mail.<\/p><p>Lorsque vous naviguez dans notre boutique, nous recevons \u00e9galement automatiquement l&rsquo;adresse IP (Internet Protocole) de votre ordinateur afin de nous fournir des informations qui nous aident \u00e0 en savoir plus sur votre navigateur et votre syst\u00e8me d&rsquo;exploitation.<\/p><p>Marketing par e-mail (le cas \u00e9ch\u00e9ant) : Avec votre permission, nous pouvons vous envoyer des e-mails sur notre boutique, de nouveaux produits et d&rsquo;autres mises \u00e0 jour.<\/p><h2>SECTION 2 &#8211; CONSENTEMENT<\/h2><p><strong>Comment obtenez-vous mon consentement\u202f?<\/strong><\/p><p>Lorsque vous nous fournissez des informations personnelles pour effectuer une transaction, v\u00e9rifier votre carte de cr\u00e9dit, passer une commande, organiser une livraison ou retourner un achat, nous impliquons que vous consentez \u00e0 ce que nous les collections et les utilisions uniquement pour cette raison sp\u00e9cifique.<\/p><p>Si nous vous demandons vos informations personnelles pour une raison secondaire, comme le marketing, nous vous demanderons directement votre consentement explicite ou vous donnerons la possibilit\u00e9 de dire non.<\/p><p><strong>Comment retirer mon consentement\u202f?<\/strong><\/p><p>Si, apr\u00e8s votre acceptation, vous changez d&rsquo;avis, vous pouvez retirer votre consentement pour que nous vous contactions, pour la collecte, l&rsquo;utilisation ou la divulgation continue de vos informations, \u00e0 tout moment en nous contactant ou en nous envoyant un courrier \u00e0 :<\/p><p>artetalents.com<br \/>8 Rue Boieldieu<br \/>B\u00e9ziers<br \/>FR 34500<\/p><h2>SECTION 3 &#8211; DIVULGATION<\/h2><p>Nous pouvons divulguer vos informations personnelles si la loi nous y oblige ou si vous enfreignez nos conditions d&rsquo;utilisation.<\/p><h2>SECTION 4 &#8211; H\u00c9BERGEMENT ET TRAITEMENT DES DONN\u00c9ES<\/h2><p>Notre boutique est h\u00e9berg\u00e9e sur WordPress. Ils nous fournissent la plateforme qui nous permet de vous vendre nos produits et services.<\/p><p>Vos donn\u00e9es sont stock\u00e9es via les syst\u00e8mes de stockage de donn\u00e9es, les bases de donn\u00e9es et les applications de notre h\u00e9bergeur. Ils stockent vos donn\u00e9es sur un serveur s\u00e9curis\u00e9 derri\u00e8re un pare-feu.<\/p><p><strong>Paiement : <\/strong><\/p><p>Si vous choisissez une passerelle de paiement direct pour finaliser votre achat, vos donn\u00e9es de carte de cr\u00e9dit peuvent \u00eatre stock\u00e9es par notre processeur de paiement. Elles sont crypt\u00e9es via la norme de s\u00e9curit\u00e9 des donn\u00e9es de l&rsquo;industrie des cartes de paiement (PCI-DSS). Vos donn\u00e9es de transaction d&rsquo;achat ne sont stock\u00e9es que le temps n\u00e9cessaire pour terminer votre transaction d&rsquo;achat. Une fois cette op\u00e9ration, termin\u00e9e, vos informations de transaction d&rsquo;achat sont supprim\u00e9es.<\/p><p>Toutes les passerelles de paiement direct adh\u00e8rent aux normes d\u00e9finies par PCI-DSSg\u00e9r\u00e9es par le Conseil des normes de s\u00e9curit\u00e9 PCIqui est un effort conjoint de marques telles que Visa, MasterCard, American Express et Discover.<\/p><p>Les exigences PCI-DSS aident \u00e0 garantir le traitement s\u00e9curis\u00e9 des informations de carte de cr\u00e9dit par notre magasin et ses fournisseurs de services.<\/p><h2>SECTION 5 &#8211; SERVICES DE TIERS<\/h2><p>En g\u00e9n\u00e9ral, les fournisseurs tiers que nous utilisons ne collecteront, utiliseront et ne divulgueront vos informations que dans la mesure n\u00e9cessaire pour leur permettre de fournir les services qu&rsquo;ils nous fournissent.<\/p><p>Cependant, certains fournisseurs de services tiers, tels que les passerelles de paiement et autres processeurs de transactions de paiement, ont leurs propres politiques de confidentialit\u00e9 en ce qui concerne les informations que nous sommes tenus de leur fournir pour vos transactions d&rsquo;achat.<\/p><p>Pour ces fournisseurs, nous vous recommandons de lire leurs politiques de confidentialit\u00e9 afin que vous puissiez comprendre la mani\u00e8re dont vos informations personnelles seront trait\u00e9es par ces fournisseurs.<\/p><p>En particulier, rappelez-vous que certains fournisseurs peuvent \u00eatre situ\u00e9s ou avoir des installations situ\u00e9es dans une juridiction diff\u00e9rente de la v\u00f4tre ou de la n\u00f4tre. Ainsi si vous choisissez de proc\u00e9der \u00e0 une transaction qui implique les services d&rsquo;un fournisseur de services tiersvos informations peuvent \u00eatre soumises aux lois de la ou des juridictions dans lesquelles ce fournisseur de services ou ses installations sont situ\u00e9s.<\/p><p>Par exemple, si vous vous trouvez hors France et que votre transaction est trait\u00e9e par une passerelle de paiement situ\u00e9e en France vos renseignements personnels utilis\u00e9s pour effectuer cette transaction peuvent \u00eatre soumis \u00e0 la divulgation en vertu de la l\u00e9gislation Fran\u00e7aise.<\/p><p>Une fois que vous quittez le site Web de notre boutique ou que vous \u00eates redirig\u00e9 vers un site Web ou une application tiers, vous n&rsquo;\u00eates plus r\u00e9gi par la pr\u00e9sente politique de confidentialit\u00e9 ou les conditions d&rsquo;utilisation de notre site Web.<\/p><p><strong>Liens<\/strong><\/p><p>Lorsque vous cliquez sur des liens sur notre boutique, ils peuvent vous diriger loin de notre site. Nous ne sommes pas responsables des pratiques de confidentialit\u00e9 des autres sites et vous encourageons \u00e0 lire leurs d\u00e9clarations de confidentialit\u00e9.<\/p><h2>SECTION 6 &#8211; S\u00c9CURIT\u00c9<\/h2><p>Pour prot\u00e9ger vos informations personnelles, nous prenons des pr\u00e9cautions raisonnables et suivons les meilleures pratiques de l&rsquo;industrie pour nous assurer qu&rsquo;elles ne sont pas perduesmal utilis\u00e9esconsult\u00e9esdivulgu\u00e9esmodifi\u00e9es ou d\u00e9truites de mani\u00e8re inappropri\u00e9e.<\/p><p>Si vous nous fournissez les informations de votre carte de cr\u00e9dit, les informations sont crypt\u00e9es \u00e0 l&rsquo;aide de la technologie SSL (Secure Socket Layer) et stock\u00e9es avec un cryptage s\u00e9curis\u00e9. Bien qu&rsquo;aucune m\u00e9thode de transmission sur Internet ou de stockage \u00e9lectronique ne soit s\u00e9curis\u00e9e \u00e0 100% nous suivons toutes les exigences PCI-DSS et mettons en \u0153uvre des normes suppl\u00e9mentaires g\u00e9n\u00e9ralement accept\u00e9es dans l&rsquo;industrie.<\/p><h2>SECTION 7 &#8211; COOKIES<\/h2><p>Nous utilisons des cookies pour maintenir votre session et stocker certaines pr\u00e9f\u00e9rences. Les cookies nous aident \u00e0 am\u00e9liorer votre exp\u00e9rience sur notre site en:<\/p><ul><li>Gardant une trace de vos pr\u00e9f\u00e9rences<\/li><li>M\u00e9morisant les articles dans votre panier d&rsquo;achat<\/li><li>Facilitant le processus de connexion \u00e0 votre compte<\/li><li>Aidant notre \u00e9quipe \u00e0 comprendre quelles parties du site sont les plus populaires<\/li><\/ul><p>Vous pouvez choisir de d\u00e9sactiver les cookies dans les param\u00e8tres de votre navigateur, mais sachez que certaines fonctionnalit\u00e9s de notre site pourraient ne pas fonctionner correctement.<\/p><h2>SECTION 8 &#8211; \u00c2GE DE CONSENTEMENT<\/h2><p>En utilisant ce site, vous d\u00e9clarez que vous avez au moins l&rsquo;\u00e2ge de la majorit\u00e9 dans votre pays de r\u00e9sidence, ou que vous avez l&rsquo;\u00e2ge de la majorit\u00e9 dans votre pays de r\u00e9sidence et vous nous avez donn\u00e9 votre consentement pour permettre \u00e0 vos personnes \u00e0 charge mineures d&rsquo;utiliser ce site.<\/p><h2>SECTION 9 &#8211; MODIFICATIONS DE CETTE POLITIQUE DE CONFIDENTIALIT\u00c9<\/h2><p>Nous nous r\u00e9servons le droit de modifier cette politique de confidentialit\u00e9 \u00e0 tout moment, veuillez donc la consulter fr\u00e9quemment. Les modifications et clarifications prendront effet imm\u00e9diatement apr\u00e8s leur publication sur le site Web.<\/p><p>Si nous apportons des modifications importantes \u00e0 cette politique, nous vous informerons ici qu&rsquo;elle a \u00e9t\u00e9 mise \u00e0 jour, afin que vous sachiez quelles informations nous recueillons, comment nous les utilisons et dans quelles circonstances, le cas \u00e9ch\u00e9ant, nous les utilisons et\/ou divulguons.<\/p><p>Si notre magasin est acquis ou fusionn\u00e9 avec une autre soci\u00e9t\u00e9, vos informations peuvent \u00eatre transf\u00e9r\u00e9es aux nouveaux propri\u00e9taires afin que nous puissions continuer \u00e0 vous vendre des produits.<\/p><h2>QUESTIONS ET COORDONN\u00c9ES<\/h2><p>Si vous souhaitez : acc\u00e9der, corriger, modifier ou supprimer les informations personnelles que nous d\u00e9tenons \u00e0 votre sujet, d\u00e9poser une plainte ou simplement obtenir plus d&rsquo;informations, contactez notre responsable de la conformit\u00e9 \u00e0 la confidentialit\u00e9 par courrier \u00e0 l&rsquo;adresse suivante:<\/p><p>artetalents.com<br \/>Re: Responsable de la conformit\u00e9 \u00e0 la confidentialit\u00e9<br \/>8 Rue Boieldieu<br \/>B\u00e9ziers,<br \/>FR 34500<\/p>\t\t\t\t\t\t\t\t<\/div>\n\t\t\t\t<\/div>\n\t\t\t\t\t<\/div>\n\t\t\t\t<\/div>\n\t\t\t\t<\/div>\n\t\t","protected":false},"excerpt":{"rendered":"<p>POLITIQUE DE CONFIDENTIALIT\u00c9 SECTION 1 &#8211; QUE FAISONS-NOUS AVEC VOS INFORMATIONS? Lorsque vous achetez quelque chose dans notre boutique dans [&hellip;]<\/p>\n","protected":false},"author":2,"featured_media":0,"parent":0,"menu_order":0,"comment_status":"closed","ping_status":"closed","template":"","meta":{"site-sidebar-layout":"no-sidebar","site-content-layout":"","ast-site-content-layout":"full-width-container","site-content-style":"default","site-sidebar-style":"default","ast-global-header-display":"","ast-banner-title-visibility":"","ast-main-header-display":"","ast-hfb-above-header-display":"","ast-hfb-below-header-display":"","ast-hfb-mobile-header-display":"","site-post-title":"disabled","ast-breadcrumbs-content":"","ast-featured-img":"disabled","footer-sml-layout":"","theme-transparent-header-meta":"","adv-header-id-meta":"","stick-header-meta":"","header-above-stick-meta":"","header-main-stick-meta":"","header-below-stick-meta":"","astra-migrate-meta-layouts":"default","ast-page-background-enabled":"default","ast-page-background-meta":{"desktop":{"background-color":"var(--ast-global-color-5)","background-image":"","background-repeat":"repeat","background-position":"center center","background-size":"auto","background-attachment":"scroll","background-type":"","background-media":"","overlay-type":"","overlay-color":"","overlay-opacity":"","overlay-gradient":""},"tablet":{"background-color":"","background-image":"","background-repeat":"repeat","background-position":"center center","background-size":"auto","background-attachment":"scroll","background-type":"","background-media":"","overlay-type":"","overlay-color":"","overlay-opacity":"","overlay-gradient":""},"mobile":{"background-color":"","background-image":"","background-repeat":"repeat","background-position":"center center","background-size":"auto","background-attachment":"scroll","background-type":"","background-media":"","overlay-type":"","overlay-color":"","overlay-opacity":"","overlay-gradient":""}},"ast-content-background-meta":{"desktop":{"background-color":"var(--ast-global-color-4)","background-image":"","background-repeat":"repeat","background-position":"center center","background-size":"auto","background-attachment":"scroll","background-type":"","background-media":"","overlay-type":"","overlay-color":"","overlay-opacity":"","overlay-gradient":""},"tablet":{"background-color":"var(--ast-global-color-4)","background-image":"","background-repeat":"repeat","background-position":"center center","background-size":"auto","background-attachment":"scroll","background-type":"","background-media":"","overlay-type":"","overlay-color":"","overlay-opacity":"","overlay-gradient":""},"mobile":{"background-color":"var(--ast-global-color-4)","background-image":"","background-repeat":"repeat","background-position":"center center","background-size":"auto","background-attachment":"scroll","background-type":"","background-media":"","overlay-type":"","overlay-color":"","overlay-opacity":"","overlay-gradient":""}},"footnotes":""},"class_list":["post-1137","page","type-page","status-publish","hentry"],"_links":{"self":[{"href":"https:\/\/bynarbero.com\/fr\/wp-json\/wp\/v2\/pages\/1137","targetHints":{"allow":["GET"]}}],"collection":[{"href":"https:\/\/bynarbero.com\/fr\/wp-json\/wp\/v2\/pages"}],"about":[{"href":"https:\/\/bynarbero.com\/fr\/wp-json\/wp\/v2\/types\/page"}],"author":[{"embeddable":true,"href":"https:\/\/bynarbero.com\/fr\/wp-json\/wp\/v2\/users\/2"}],"replies":[{"embeddable":true,"href":"https:\/\/bynarbero.com\/fr\/wp-json\/wp\/v2\/comments?post=1137"}],"version-history":[{"count":10,"href":"https:\/\/bynarbero.com\/fr\/wp-json\/wp\/v2\/pages\/1137\/revisions"}],"predecessor-version":[{"id":2084,"href":"https:\/\/bynarbero.com\/fr\/wp-json\/wp\/v2\/pages\/1137\/revisions\/2084"}],"wp:attachment":[{"href":"https:\/\/bynarbero.com\/fr\/wp-json\/wp\/v2\/media?parent=1137"}],"curies":[{"name":"wp","href":"https:\/\/api.w.org\/{rel}","templated":true}]}}